{"id":1265,"date":"2022-03-01T22:10:42","date_gmt":"2022-03-01T21:10:42","guid":{"rendered":"https:\/\/alainepron-photographer.fr\/?page_id=1265"},"modified":"2024-12-30T09:54:27","modified_gmt":"2024-12-30T08:54:27","slug":"mon-petit-studio-photo","status":"publish","type":"page","link":"https:\/\/alainepron-photographer.fr\/index.php\/mon-petit-studio-photo\/","title":{"rendered":"MON STUDIO PHOTOGRAPHIQUE"},"content":{"rendered":"\n<figure class=\"wp-block-image alignfull size-large\"><img loading=\"lazy\" decoding=\"async\" width=\"1024\" height=\"384\" src=\"https:\/\/alainepron-photographer.fr\/wp-content\/uploads\/2022\/10\/STUDIO-1024x384.jpg\" alt=\"Studio photographique\" class=\"wp-image-2720\" srcset=\"https:\/\/alainepron-photographer.fr\/wp-content\/uploads\/2022\/10\/STUDIO-1024x384.jpg 1024w, https:\/\/alainepron-photographer.fr\/wp-content\/uploads\/2022\/10\/STUDIO-300x113.jpg 300w, https:\/\/alainepron-photographer.fr\/wp-content\/uploads\/2022\/10\/STUDIO-768x288.jpg 768w, https:\/\/alainepron-photographer.fr\/wp-content\/uploads\/2022\/10\/STUDIO-1536x576.jpg 1536w, https:\/\/alainepron-photographer.fr\/wp-content\/uploads\/2022\/10\/STUDIO-250x94.jpg 250w, https:\/\/alainepron-photographer.fr\/wp-content\/uploads\/2022\/10\/STUDIO-550x206.jpg 550w, https:\/\/alainepron-photographer.fr\/wp-content\/uploads\/2022\/10\/STUDIO-800x300.jpg 800w, https:\/\/alainepron-photographer.fr\/wp-content\/uploads\/2022\/10\/STUDIO-480x180.jpg 480w, https:\/\/alainepron-photographer.fr\/wp-content\/uploads\/2022\/10\/STUDIO-1333x500.jpg 1333w, https:\/\/alainepron-photographer.fr\/wp-content\/uploads\/2022\/10\/STUDIO.jpg 1600w\" sizes=\"auto, (max-width: 1024px) 100vw, 1024px\" \/><\/figure>\n\n\n\n<blockquote class=\"wp-block-quote is-layout-flow wp-block-quote-is-layout-flow\">\n<p class=\"has-small-font-size\"><strong>Sous le bon \u00e9clairage et au bon moment, tout peut para\u00eetre extraordinaire.<\/strong> \u2013 <em>Aaron Rose<\/em><\/p>\n<\/blockquote>\n\n\n\n<div style=\"height:30px\" aria-hidden=\"true\" class=\"wp-block-spacer\"><\/div>\n\n\n\n<h2 class=\"wp-block-heading has-cyan-bluish-gray-color has-text-color has-link-color has-medium-font-size wp-elements-4e07c8c34240c91ddcf268c9310828e0\">[LIEUX DE SHOOTING]<\/h2>\n\n\n\n<p>Actuellement, je n\u2019ai malheureusement plus de studio chez moi m\u00eame si mon int\u00e9rieur permet encore quelques prises de vues. Donc je me d\u00e9place essentiellement, soit chez les mod\u00e8les, soit dans d\u2019autres lieux choisis pour l\u2019occasion (co\u00fbt \u00e0 prendre en charge), soit en ext\u00e9rieur quand le temps le permet.<\/p>\n\n\n\n<p>Pour le moment, j\u2019utilise essentiellement comme lieu de shooting l\u2019Appart\/H\u00f4tel&nbsp;<a href=\"https:\/\/www.lelaurencinsens.com\/fr\" target=\"_blank\" rel=\"noreferrer noopener\">Le Laurencin<\/a>&nbsp;\u00e0 Sens qui propose de jolis appartements avec du cachet et offrant de grandes possibilit\u00e9s de prises de vue dans diff\u00e9rentes ambiances, \u00e0 un prix abordable.<\/p>\n\n\n\n<div class=\"wp-block-columns alignfull is-layout-flex wp-container-core-columns-is-layout-1 wp-block-columns-is-layout-flex\">\n<div class=\"wp-block-column is-layout-flow wp-block-column-is-layout-flow\">\n<figure class=\"wp-block-image\"><a href=\"https:\/\/www.lelaurencinsens.com\/fr\/chambre\/l-authentique\" target=\"_blank\" rel=\"noreferrer noopener\"><img loading=\"lazy\" decoding=\"async\" width=\"1024\" height=\"768\" src=\"https:\/\/alainepron-photographer.fr\/wp-content\/uploads\/2024\/09\/LAUTHENTIQUE-002.jpg\" alt=\"\" class=\"wp-image-5228\" srcset=\"https:\/\/alainepron-photographer.fr\/wp-content\/uploads\/2024\/09\/LAUTHENTIQUE-002.jpg 1024w, https:\/\/alainepron-photographer.fr\/wp-content\/uploads\/2024\/09\/LAUTHENTIQUE-002-300x225.jpg 300w, https:\/\/alainepron-photographer.fr\/wp-content\/uploads\/2024\/09\/LAUTHENTIQUE-002-768x576.jpg 768w, https:\/\/alainepron-photographer.fr\/wp-content\/uploads\/2024\/09\/LAUTHENTIQUE-002-250x188.jpg 250w, https:\/\/alainepron-photographer.fr\/wp-content\/uploads\/2024\/09\/LAUTHENTIQUE-002-550x413.jpg 550w, https:\/\/alainepron-photographer.fr\/wp-content\/uploads\/2024\/09\/LAUTHENTIQUE-002-800x600.jpg 800w, https:\/\/alainepron-photographer.fr\/wp-content\/uploads\/2024\/09\/LAUTHENTIQUE-002-240x180.jpg 240w, https:\/\/alainepron-photographer.fr\/wp-content\/uploads\/2024\/09\/LAUTHENTIQUE-002-400x300.jpg 400w, https:\/\/alainepron-photographer.fr\/wp-content\/uploads\/2024\/09\/LAUTHENTIQUE-002-667x500.jpg 667w\" sizes=\"auto, (max-width: 1024px) 100vw, 1024px\" \/><\/a><figcaption class=\"wp-element-caption\"><a href=\"https:\/\/www.lelaurencinsens.com\/fr\/chambre\/l-authentique\" target=\"_blank\" rel=\"noreferrer noopener\">L&#8217;Authentique<\/a><\/figcaption><\/figure>\n<\/div>\n\n\n\n<div class=\"wp-block-column is-layout-flow wp-block-column-is-layout-flow\">\n<figure class=\"wp-block-image size-full\"><img loading=\"lazy\" decoding=\"async\" width=\"1024\" height=\"768\" src=\"https:\/\/alainepron-photographer.fr\/wp-content\/uploads\/2024\/09\/LE-FAMILY-003.jpg\" alt=\"\" class=\"wp-image-5231\" srcset=\"https:\/\/alainepron-photographer.fr\/wp-content\/uploads\/2024\/09\/LE-FAMILY-003.jpg 1024w, https:\/\/alainepron-photographer.fr\/wp-content\/uploads\/2024\/09\/LE-FAMILY-003-300x225.jpg 300w, https:\/\/alainepron-photographer.fr\/wp-content\/uploads\/2024\/09\/LE-FAMILY-003-768x576.jpg 768w, https:\/\/alainepron-photographer.fr\/wp-content\/uploads\/2024\/09\/LE-FAMILY-003-250x188.jpg 250w, https:\/\/alainepron-photographer.fr\/wp-content\/uploads\/2024\/09\/LE-FAMILY-003-550x413.jpg 550w, https:\/\/alainepron-photographer.fr\/wp-content\/uploads\/2024\/09\/LE-FAMILY-003-800x600.jpg 800w, https:\/\/alainepron-photographer.fr\/wp-content\/uploads\/2024\/09\/LE-FAMILY-003-240x180.jpg 240w, https:\/\/alainepron-photographer.fr\/wp-content\/uploads\/2024\/09\/LE-FAMILY-003-400x300.jpg 400w, https:\/\/alainepron-photographer.fr\/wp-content\/uploads\/2024\/09\/LE-FAMILY-003-667x500.jpg 667w\" sizes=\"auto, (max-width: 1024px) 100vw, 1024px\" \/><figcaption class=\"wp-element-caption\"><a href=\"https:\/\/www.lelaurencinsens.com\/fr\/chambre\/le-family\" target=\"_blank\" rel=\"noreferrer noopener\">Le Family<\/a><\/figcaption><\/figure>\n<\/div>\n\n\n\n<div class=\"wp-block-column is-layout-flow wp-block-column-is-layout-flow\">\n<figure class=\"wp-block-image size-full\"><img loading=\"lazy\" decoding=\"async\" width=\"1024\" height=\"768\" src=\"https:\/\/alainepron-photographer.fr\/wp-content\/uploads\/2024\/09\/LE-DUPLEX-001.jpg\" alt=\"\" class=\"wp-image-5230\" srcset=\"https:\/\/alainepron-photographer.fr\/wp-content\/uploads\/2024\/09\/LE-DUPLEX-001.jpg 1024w, https:\/\/alainepron-photographer.fr\/wp-content\/uploads\/2024\/09\/LE-DUPLEX-001-300x225.jpg 300w, https:\/\/alainepron-photographer.fr\/wp-content\/uploads\/2024\/09\/LE-DUPLEX-001-768x576.jpg 768w, https:\/\/alainepron-photographer.fr\/wp-content\/uploads\/2024\/09\/LE-DUPLEX-001-250x188.jpg 250w, https:\/\/alainepron-photographer.fr\/wp-content\/uploads\/2024\/09\/LE-DUPLEX-001-550x413.jpg 550w, https:\/\/alainepron-photographer.fr\/wp-content\/uploads\/2024\/09\/LE-DUPLEX-001-800x600.jpg 800w, https:\/\/alainepron-photographer.fr\/wp-content\/uploads\/2024\/09\/LE-DUPLEX-001-240x180.jpg 240w, https:\/\/alainepron-photographer.fr\/wp-content\/uploads\/2024\/09\/LE-DUPLEX-001-400x300.jpg 400w, https:\/\/alainepron-photographer.fr\/wp-content\/uploads\/2024\/09\/LE-DUPLEX-001-667x500.jpg 667w\" sizes=\"auto, (max-width: 1024px) 100vw, 1024px\" \/><figcaption class=\"wp-element-caption\"><a href=\"https:\/\/www.lelaurencinsens.com\/fr\/chambre\/le-duplex\" target=\"_blank\" rel=\"noreferrer noopener\">Le Duplex<\/a><\/figcaption><\/figure>\n<\/div>\n\n\n\n<div class=\"wp-block-column is-layout-flow wp-block-column-is-layout-flow\">\n<figure class=\"wp-block-image size-full\"><img loading=\"lazy\" decoding=\"async\" width=\"1024\" height=\"768\" src=\"https:\/\/alainepron-photographer.fr\/wp-content\/uploads\/2024\/10\/LE-COMBLE-004.jpg\" alt=\"\" class=\"wp-image-5816\" srcset=\"https:\/\/alainepron-photographer.fr\/wp-content\/uploads\/2024\/10\/LE-COMBLE-004.jpg 1024w, https:\/\/alainepron-photographer.fr\/wp-content\/uploads\/2024\/10\/LE-COMBLE-004-300x225.jpg 300w, https:\/\/alainepron-photographer.fr\/wp-content\/uploads\/2024\/10\/LE-COMBLE-004-768x576.jpg 768w, https:\/\/alainepron-photographer.fr\/wp-content\/uploads\/2024\/10\/LE-COMBLE-004-250x188.jpg 250w, https:\/\/alainepron-photographer.fr\/wp-content\/uploads\/2024\/10\/LE-COMBLE-004-550x413.jpg 550w, https:\/\/alainepron-photographer.fr\/wp-content\/uploads\/2024\/10\/LE-COMBLE-004-800x600.jpg 800w, https:\/\/alainepron-photographer.fr\/wp-content\/uploads\/2024\/10\/LE-COMBLE-004-240x180.jpg 240w, https:\/\/alainepron-photographer.fr\/wp-content\/uploads\/2024\/10\/LE-COMBLE-004-400x300.jpg 400w, https:\/\/alainepron-photographer.fr\/wp-content\/uploads\/2024\/10\/LE-COMBLE-004-667x500.jpg 667w\" sizes=\"auto, (max-width: 1024px) 100vw, 1024px\" \/><figcaption class=\"wp-element-caption\"><a href=\"https:\/\/www.lelaurencinsens.com\/fr\/chambre\/le-comble\" target=\"_blank\" rel=\"noreferrer noopener\">Le Comble<\/a><\/figcaption><\/figure>\n<\/div>\n<\/div>\n\n\n\n<h2 class=\"wp-block-heading has-cyan-bluish-gray-color has-text-color has-medium-font-size\" id=\"mon-eclairage-studio-photo\">[MON MAT\u00c9RIEL STUDIO PHOTO]<\/h2>\n\n\n\n<div class=\"wp-block-group is-vertical is-layout-flex wp-container-core-group-is-layout-1 wp-block-group-is-layout-flex\">\n<p class=\"has-small-font-size\">Pour mon mat\u00e9riel studio, je suis \u00e9quip\u00e9 de flash et modeleurs de marque Elinchrom (mat\u00e9riel professionnel moyen gamme). Je dispose de deux flashs (100 et 200 W) et de diff\u00e9rents modeleurs de lumi\u00e8re : une Softbox invers\u00e9e de 150cm, une rectabox de 55x75cm, un parapluie de 85cm, une stripbox de 90cm, des bols \u201cbeaut\u00e9\u201d de 44 et 70cm, un deep bol de 40cm, des r\u00e9flecteurs classiques de 16cm et 21cm et un snoot.<\/p>\n\n\n\n<p class=\"has-small-font-size\">Cela permet de pouvoir travailler sur diff\u00e9rent type de lumi\u00e8re, plus ou moins contrast\u00e9 selon le style photographique voulu.<\/p>\n<\/div>\n\n\n\n<figure class=\"wp-block-gallery has-nested-images columns-4 is-cropped wp-block-gallery-1 is-layout-flex wp-block-gallery-is-layout-flex\">\n<figure class=\"wp-block-image size-full\"><img loading=\"lazy\" decoding=\"async\" width=\"256\" height=\"256\" data-id=\"2741\" src=\"https:\/\/alainepron-photographer.fr\/wp-content\/uploads\/2022\/10\/FLASH-D-LITE-RX2.jpg\" alt=\"Flash photo 200 W\" class=\"wp-image-2741\" srcset=\"https:\/\/alainepron-photographer.fr\/wp-content\/uploads\/2022\/10\/FLASH-D-LITE-RX2.jpg 256w, https:\/\/alainepron-photographer.fr\/wp-content\/uploads\/2022\/10\/FLASH-D-LITE-RX2-150x150.jpg 150w, https:\/\/alainepron-photographer.fr\/wp-content\/uploads\/2022\/10\/FLASH-D-LITE-RX2-48x48.jpg 48w, https:\/\/alainepron-photographer.fr\/wp-content\/uploads\/2022\/10\/FLASH-D-LITE-RX2-250x250.jpg 250w, https:\/\/alainepron-photographer.fr\/wp-content\/uploads\/2022\/10\/FLASH-D-LITE-RX2-180x180.jpg 180w\" sizes=\"auto, (max-width: 256px) 100vw, 256px\" \/><\/figure>\n\n\n\n<figure class=\"wp-block-image size-full\"><img loading=\"lazy\" decoding=\"async\" width=\"256\" height=\"256\" data-id=\"2733\" src=\"https:\/\/alainepron-photographer.fr\/wp-content\/uploads\/2022\/10\/FLASH-D-LITE-RX-ONE.jpg\" alt=\"Flash photo 100 W\" class=\"wp-image-2733\" srcset=\"https:\/\/alainepron-photographer.fr\/wp-content\/uploads\/2022\/10\/FLASH-D-LITE-RX-ONE.jpg 256w, https:\/\/alainepron-photographer.fr\/wp-content\/uploads\/2022\/10\/FLASH-D-LITE-RX-ONE-150x150.jpg 150w, https:\/\/alainepron-photographer.fr\/wp-content\/uploads\/2022\/10\/FLASH-D-LITE-RX-ONE-48x48.jpg 48w, https:\/\/alainepron-photographer.fr\/wp-content\/uploads\/2022\/10\/FLASH-D-LITE-RX-ONE-250x250.jpg 250w, https:\/\/alainepron-photographer.fr\/wp-content\/uploads\/2022\/10\/FLASH-D-LITE-RX-ONE-180x180.jpg 180w\" sizes=\"auto, (max-width: 256px) 100vw, 256px\" \/><\/figure>\n\n\n\n<figure class=\"wp-block-image size-full\"><img loading=\"lazy\" decoding=\"async\" width=\"256\" height=\"256\" data-id=\"2730\" src=\"https:\/\/alainepron-photographer.fr\/wp-content\/uploads\/2022\/10\/BOL-BEAUTE-SILVER-70.png\" alt=\"modeleur photo bol beaut\u00e9 44\" class=\"wp-image-2730\" srcset=\"https:\/\/alainepron-photographer.fr\/wp-content\/uploads\/2022\/10\/BOL-BEAUTE-SILVER-70.png 256w, https:\/\/alainepron-photographer.fr\/wp-content\/uploads\/2022\/10\/BOL-BEAUTE-SILVER-70-150x150.png 150w, https:\/\/alainepron-photographer.fr\/wp-content\/uploads\/2022\/10\/BOL-BEAUTE-SILVER-70-48x48.png 48w, https:\/\/alainepron-photographer.fr\/wp-content\/uploads\/2022\/10\/BOL-BEAUTE-SILVER-70-250x250.png 250w, https:\/\/alainepron-photographer.fr\/wp-content\/uploads\/2022\/10\/BOL-BEAUTE-SILVER-70-180x180.png 180w\" sizes=\"auto, (max-width: 256px) 100vw, 256px\" \/><\/figure>\n\n\n\n<figure class=\"wp-block-image size-full\"><img loading=\"lazy\" decoding=\"async\" width=\"256\" height=\"256\" data-id=\"2731\" src=\"https:\/\/alainepron-photographer.fr\/wp-content\/uploads\/2022\/10\/BOL-BEAUTE-WHITE-44.png\" alt=\"modeleur photo bol beaut\u00e9 70\" class=\"wp-image-2731\" srcset=\"https:\/\/alainepron-photographer.fr\/wp-content\/uploads\/2022\/10\/BOL-BEAUTE-WHITE-44.png 256w, https:\/\/alainepron-photographer.fr\/wp-content\/uploads\/2022\/10\/BOL-BEAUTE-WHITE-44-150x150.png 150w, https:\/\/alainepron-photographer.fr\/wp-content\/uploads\/2022\/10\/BOL-BEAUTE-WHITE-44-48x48.png 48w, https:\/\/alainepron-photographer.fr\/wp-content\/uploads\/2022\/10\/BOL-BEAUTE-WHITE-44-250x250.png 250w, https:\/\/alainepron-photographer.fr\/wp-content\/uploads\/2022\/10\/BOL-BEAUTE-WHITE-44-180x180.png 180w\" sizes=\"auto, (max-width: 256px) 100vw, 256px\" \/><\/figure>\n\n\n\n<figure class=\"wp-block-image size-full\"><img loading=\"lazy\" decoding=\"async\" width=\"256\" height=\"256\" data-id=\"2732\" src=\"https:\/\/alainepron-photographer.fr\/wp-content\/uploads\/2022\/10\/DEEP-BOL-WHITE-40.png\" alt=\"modeleur photo deep bol 40\" class=\"wp-image-2732\" srcset=\"https:\/\/alainepron-photographer.fr\/wp-content\/uploads\/2022\/10\/DEEP-BOL-WHITE-40.png 256w, https:\/\/alainepron-photographer.fr\/wp-content\/uploads\/2022\/10\/DEEP-BOL-WHITE-40-150x150.png 150w, https:\/\/alainepron-photographer.fr\/wp-content\/uploads\/2022\/10\/DEEP-BOL-WHITE-40-48x48.png 48w, https:\/\/alainepron-photographer.fr\/wp-content\/uploads\/2022\/10\/DEEP-BOL-WHITE-40-250x250.png 250w, https:\/\/alainepron-photographer.fr\/wp-content\/uploads\/2022\/10\/DEEP-BOL-WHITE-40-180x180.png 180w\" sizes=\"auto, (max-width: 256px) 100vw, 256px\" \/><\/figure>\n\n\n\n<figure class=\"wp-block-image size-full\"><img loading=\"lazy\" decoding=\"async\" width=\"256\" height=\"256\" data-id=\"2734\" src=\"https:\/\/alainepron-photographer.fr\/wp-content\/uploads\/2022\/10\/INDIRECT-150.png\" alt=\"modeleur photo invers\u00e9 150\" class=\"wp-image-2734\" srcset=\"https:\/\/alainepron-photographer.fr\/wp-content\/uploads\/2022\/10\/INDIRECT-150.png 256w, https:\/\/alainepron-photographer.fr\/wp-content\/uploads\/2022\/10\/INDIRECT-150-150x150.png 150w, https:\/\/alainepron-photographer.fr\/wp-content\/uploads\/2022\/10\/INDIRECT-150-48x48.png 48w, https:\/\/alainepron-photographer.fr\/wp-content\/uploads\/2022\/10\/INDIRECT-150-250x250.png 250w, https:\/\/alainepron-photographer.fr\/wp-content\/uploads\/2022\/10\/INDIRECT-150-180x180.png 180w\" sizes=\"auto, (max-width: 256px) 100vw, 256px\" \/><\/figure>\n\n\n\n<figure class=\"wp-block-image size-full\"><img loading=\"lazy\" decoding=\"async\" width=\"256\" height=\"256\" data-id=\"5821\" src=\"https:\/\/alainepron-photographer.fr\/wp-content\/uploads\/2024\/10\/ROTALUX-GO-RECTA.jpg\" alt=\"\" class=\"wp-image-5821\" srcset=\"https:\/\/alainepron-photographer.fr\/wp-content\/uploads\/2024\/10\/ROTALUX-GO-RECTA.jpg 256w, https:\/\/alainepron-photographer.fr\/wp-content\/uploads\/2024\/10\/ROTALUX-GO-RECTA-150x150.jpg 150w, https:\/\/alainepron-photographer.fr\/wp-content\/uploads\/2024\/10\/ROTALUX-GO-RECTA-48x48.jpg 48w, https:\/\/alainepron-photographer.fr\/wp-content\/uploads\/2024\/10\/ROTALUX-GO-RECTA-250x250.jpg 250w, https:\/\/alainepron-photographer.fr\/wp-content\/uploads\/2024\/10\/ROTALUX-GO-RECTA-180x180.jpg 180w\" sizes=\"auto, (max-width: 256px) 100vw, 256px\" \/><\/figure>\n\n\n\n<figure class=\"wp-block-image size-full\"><img loading=\"lazy\" decoding=\"async\" width=\"256\" height=\"256\" data-id=\"2736\" src=\"https:\/\/alainepron-photographer.fr\/wp-content\/uploads\/2022\/10\/PARAPLUIE-SILVER-85.png\" alt=\"modeleur photo parapluie 85\" class=\"wp-image-2736\" srcset=\"https:\/\/alainepron-photographer.fr\/wp-content\/uploads\/2022\/10\/PARAPLUIE-SILVER-85.png 256w, https:\/\/alainepron-photographer.fr\/wp-content\/uploads\/2022\/10\/PARAPLUIE-SILVER-85-150x150.png 150w, https:\/\/alainepron-photographer.fr\/wp-content\/uploads\/2022\/10\/PARAPLUIE-SILVER-85-48x48.png 48w, https:\/\/alainepron-photographer.fr\/wp-content\/uploads\/2022\/10\/PARAPLUIE-SILVER-85-250x250.png 250w, https:\/\/alainepron-photographer.fr\/wp-content\/uploads\/2022\/10\/PARAPLUIE-SILVER-85-180x180.png 180w\" sizes=\"auto, (max-width: 256px) 100vw, 256px\" \/><\/figure>\n\n\n\n<figure class=\"wp-block-image size-full\"><img loading=\"lazy\" decoding=\"async\" width=\"256\" height=\"256\" data-id=\"2740\" src=\"https:\/\/alainepron-photographer.fr\/wp-content\/uploads\/2022\/10\/REFLECTEUR-16.png\" alt=\"modeleur photo r\u00e9flecteur droit 16\" class=\"wp-image-2740\" srcset=\"https:\/\/alainepron-photographer.fr\/wp-content\/uploads\/2022\/10\/REFLECTEUR-16.png 256w, https:\/\/alainepron-photographer.fr\/wp-content\/uploads\/2022\/10\/REFLECTEUR-16-150x150.png 150w, https:\/\/alainepron-photographer.fr\/wp-content\/uploads\/2022\/10\/REFLECTEUR-16-48x48.png 48w, https:\/\/alainepron-photographer.fr\/wp-content\/uploads\/2022\/10\/REFLECTEUR-16-250x250.png 250w, https:\/\/alainepron-photographer.fr\/wp-content\/uploads\/2022\/10\/REFLECTEUR-16-180x180.png 180w\" sizes=\"auto, (max-width: 256px) 100vw, 256px\" \/><\/figure>\n\n\n\n<figure class=\"wp-block-image size-full\"><img loading=\"lazy\" decoding=\"async\" width=\"256\" height=\"256\" data-id=\"2739\" src=\"https:\/\/alainepron-photographer.fr\/wp-content\/uploads\/2022\/10\/REFLECTEUR-21.png\" alt=\"modeleur photo r\u00e9flecteur 20 \" class=\"wp-image-2739\" srcset=\"https:\/\/alainepron-photographer.fr\/wp-content\/uploads\/2022\/10\/REFLECTEUR-21.png 256w, https:\/\/alainepron-photographer.fr\/wp-content\/uploads\/2022\/10\/REFLECTEUR-21-150x150.png 150w, https:\/\/alainepron-photographer.fr\/wp-content\/uploads\/2022\/10\/REFLECTEUR-21-48x48.png 48w, https:\/\/alainepron-photographer.fr\/wp-content\/uploads\/2022\/10\/REFLECTEUR-21-250x250.png 250w, https:\/\/alainepron-photographer.fr\/wp-content\/uploads\/2022\/10\/REFLECTEUR-21-180x180.png 180w\" sizes=\"auto, (max-width: 256px) 100vw, 256px\" \/><\/figure>\n\n\n\n<figure class=\"wp-block-image size-full\"><img loading=\"lazy\" decoding=\"async\" width=\"256\" height=\"256\" data-id=\"2737\" src=\"https:\/\/alainepron-photographer.fr\/wp-content\/uploads\/2022\/10\/SNOOT-NA.png\" alt=\"modeleur photo snoot\" class=\"wp-image-2737\" srcset=\"https:\/\/alainepron-photographer.fr\/wp-content\/uploads\/2022\/10\/SNOOT-NA.png 256w, https:\/\/alainepron-photographer.fr\/wp-content\/uploads\/2022\/10\/SNOOT-NA-150x150.png 150w, https:\/\/alainepron-photographer.fr\/wp-content\/uploads\/2022\/10\/SNOOT-NA-48x48.png 48w, https:\/\/alainepron-photographer.fr\/wp-content\/uploads\/2022\/10\/SNOOT-NA-250x250.png 250w, https:\/\/alainepron-photographer.fr\/wp-content\/uploads\/2022\/10\/SNOOT-NA-180x180.png 180w\" sizes=\"auto, (max-width: 256px) 100vw, 256px\" \/><\/figure>\n\n\n\n<figure class=\"wp-block-image size-full\"><img loading=\"lazy\" decoding=\"async\" width=\"256\" height=\"256\" data-id=\"2738\" src=\"https:\/\/alainepron-photographer.fr\/wp-content\/uploads\/2022\/10\/STRIPBOX-35x90-1.png\" alt=\"modeleur photo stripbox90\" class=\"wp-image-2738\" srcset=\"https:\/\/alainepron-photographer.fr\/wp-content\/uploads\/2022\/10\/STRIPBOX-35x90-1.png 256w, https:\/\/alainepron-photographer.fr\/wp-content\/uploads\/2022\/10\/STRIPBOX-35x90-1-150x150.png 150w, https:\/\/alainepron-photographer.fr\/wp-content\/uploads\/2022\/10\/STRIPBOX-35x90-1-48x48.png 48w, https:\/\/alainepron-photographer.fr\/wp-content\/uploads\/2022\/10\/STRIPBOX-35x90-1-250x250.png 250w, https:\/\/alainepron-photographer.fr\/wp-content\/uploads\/2022\/10\/STRIPBOX-35x90-1-180x180.png 180w\" sizes=\"auto, (max-width: 256px) 100vw, 256px\" \/><\/figure>\n<\/figure>\n\n\n\n<div class=\"wp-block-group is-vertical is-layout-flex wp-container-core-group-is-layout-2 wp-block-group-is-layout-flex\">\n<p class=\"has-small-font-size\">Tout ce mat\u00e9riel est transportable si n\u00e9cessaire pour des shootings en location ou chez le mod\u00e8le. De m\u00eame, je poss\u00e8de un petit g\u00e9n\u00e9rateur autonome permettant de faire fonctionner un flash D-LITE RX ONE pour des shootings ext\u00e9rieurs ou dans des lieux sans \u00e9lectricit\u00e9.<\/p>\n<\/div>\n\n\n\n<hr class=\"wp-block-separator has-alpha-channel-opacity\"\/>\n\n\n\n<p class=\"has-text-align-center\">Retrouvez toutes <strong><em><a href=\"https:\/\/alainepron-photographer.fr\/index.php\/prestations-photos\/\" data-type=\"page\" data-id=\"571\">mes prestations photographiques<\/a><\/em><\/strong><\/p>\n","protected":false},"excerpt":{"rendered":"<p>Sous le bon \u00e9clairage et au bon moment, tout peut para\u00eetre extraordinaire. \u2013 Aaron Rose [LIEUX DE SHOOTING] Actuellement, je n\u2019ai malheureusement plus de studio chez moi m\u00eame si mon int\u00e9rieur permet encore quelques prises de vues. Donc je me d\u00e9place essentiellement, soit chez les mod\u00e8les, soit dans d\u2019autres lieux choisis pour l\u2019occasion (co\u00fbt \u00e0 [&hellip;]<\/p>\n","protected":false},"author":1,"featured_media":2720,"parent":0,"menu_order":0,"comment_status":"closed","ping_status":"closed","template":"","meta":{"_seopress_robots_primary_cat":"","_seopress_titles_title":"Mon petit studio photographique \u00e9quip\u00e9 de mat\u00e9riel professionnel","_seopress_titles_desc":"Je dispose d'un petit studio photo \u00e9quip\u00e9 avec du mat\u00e9riel professionnel et de nombreux accessoire afin de pouvoir faire diff\u00e9rents types de shooting","_seopress_robots_index":"","footnotes":""},"class_list":["post-1265","page","type-page","status-publish","has-post-thumbnail","hentry"],"_links":{"self":[{"href":"https:\/\/alainepron-photographer.fr\/index.php\/wp-json\/wp\/v2\/pages\/1265","targetHints":{"allow":["GET"]}}],"collection":[{"href":"https:\/\/alainepron-photographer.fr\/index.php\/wp-json\/wp\/v2\/pages"}],"about":[{"href":"https:\/\/alainepron-photographer.fr\/index.php\/wp-json\/wp\/v2\/types\/page"}],"author":[{"embeddable":true,"href":"https:\/\/alainepron-photographer.fr\/index.php\/wp-json\/wp\/v2\/users\/1"}],"replies":[{"embeddable":true,"href":"https:\/\/alainepron-photographer.fr\/index.php\/wp-json\/wp\/v2\/comments?post=1265"}],"version-history":[{"count":38,"href":"https:\/\/alainepron-photographer.fr\/index.php\/wp-json\/wp\/v2\/pages\/1265\/revisions"}],"predecessor-version":[{"id":6371,"href":"https:\/\/alainepron-photographer.fr\/index.php\/wp-json\/wp\/v2\/pages\/1265\/revisions\/6371"}],"wp:featuredmedia":[{"embeddable":true,"href":"https:\/\/alainepron-photographer.fr\/index.php\/wp-json\/wp\/v2\/media\/2720"}],"wp:attachment":[{"href":"https:\/\/alainepron-photographer.fr\/index.php\/wp-json\/wp\/v2\/media?parent=1265"}],"curies":[{"name":"wp","href":"https:\/\/api.w.org\/{rel}","templated":true}]}}