{"id":4374,"date":"2023-06-13T16:32:31","date_gmt":"2023-06-13T14:32:31","guid":{"rendered":"https:\/\/alainepron-photographer.fr\/?page_id=4374"},"modified":"2023-08-07T12:02:00","modified_gmt":"2023-08-07T10:02:00","slug":"book-photo-cyndie-arya","status":"publish","type":"page","link":"https:\/\/alainepron-photographer.fr\/index.php\/books-photos-collaboration\/book-photo-cyndie-arya\/","title":{"rendered":"CYNDIE &#038; ARYA"},"content":{"rendered":"\n<figure class=\"wp-block-image alignfull size-large\"><img loading=\"lazy\" decoding=\"async\" width=\"1024\" height=\"384\" src=\"https:\/\/alainepron-photographer.fr\/wp-content\/uploads\/2023\/06\/CYNDIE-ARYA-1024x384.jpg\" alt=\"CYNDIE &amp; ARIA\" class=\"wp-image-4377\" srcset=\"https:\/\/alainepron-photographer.fr\/wp-content\/uploads\/2023\/06\/CYNDIE-ARYA-1024x384.jpg 1024w, https:\/\/alainepron-photographer.fr\/wp-content\/uploads\/2023\/06\/CYNDIE-ARYA-300x113.jpg 300w, https:\/\/alainepron-photographer.fr\/wp-content\/uploads\/2023\/06\/CYNDIE-ARYA-768x288.jpg 768w, https:\/\/alainepron-photographer.fr\/wp-content\/uploads\/2023\/06\/CYNDIE-ARYA-1536x576.jpg 1536w, https:\/\/alainepron-photographer.fr\/wp-content\/uploads\/2023\/06\/CYNDIE-ARYA-250x94.jpg 250w, https:\/\/alainepron-photographer.fr\/wp-content\/uploads\/2023\/06\/CYNDIE-ARYA-550x206.jpg 550w, https:\/\/alainepron-photographer.fr\/wp-content\/uploads\/2023\/06\/CYNDIE-ARYA-800x300.jpg 800w, https:\/\/alainepron-photographer.fr\/wp-content\/uploads\/2023\/06\/CYNDIE-ARYA-480x180.jpg 480w, https:\/\/alainepron-photographer.fr\/wp-content\/uploads\/2023\/06\/CYNDIE-ARYA-1333x500.jpg 1333w, https:\/\/alainepron-photographer.fr\/wp-content\/uploads\/2023\/06\/CYNDIE-ARYA.jpg 1600w\" sizes=\"auto, (max-width: 1024px) 100vw, 1024px\" \/><\/figure>\n\n\n\n<p>Cyndie &amp; Arya, la marraine et la filleule&#8230; une tr\u00e8s grande complicit\u00e9. On avait d\u00e9j\u00e0 r\u00e9alis\u00e9 quelques shooting tous les trois quand Arya \u00e9tait plus petite. Plus grande, le travail devient plus int\u00e9ressant car elle commence \u00e0 poser, \u00e0 mettre des intentions et ne plus simplement \u00eatre l\u00e0&#8230;<\/p>\n\n\n\n<div class=\"wp-block-columns alignfull is-layout-flex wp-container-core-columns-is-layout-1 wp-block-columns-is-layout-flex\">\n<div class=\"wp-block-column is-layout-flow wp-block-column-is-layout-flow\">\n<figure class=\"wp-block-image size-full\"><img loading=\"lazy\" decoding=\"async\" width=\"750\" height=\"1000\" src=\"https:\/\/alainepron-photographer.fr\/wp-content\/uploads\/2023\/06\/IMG_5013.jpg\" alt=\"ARYA\" class=\"wp-image-4378\" srcset=\"https:\/\/alainepron-photographer.fr\/wp-content\/uploads\/2023\/06\/IMG_5013.jpg 750w, https:\/\/alainepron-photographer.fr\/wp-content\/uploads\/2023\/06\/IMG_5013-225x300.jpg 225w, https:\/\/alainepron-photographer.fr\/wp-content\/uploads\/2023\/06\/IMG_5013-250x333.jpg 250w, https:\/\/alainepron-photographer.fr\/wp-content\/uploads\/2023\/06\/IMG_5013-550x733.jpg 550w, https:\/\/alainepron-photographer.fr\/wp-content\/uploads\/2023\/06\/IMG_5013-135x180.jpg 135w, https:\/\/alainepron-photographer.fr\/wp-content\/uploads\/2023\/06\/IMG_5013-375x500.jpg 375w\" sizes=\"auto, (max-width: 750px) 100vw, 750px\" \/><\/figure>\n\n\n\n<figure class=\"wp-block-image size-full\"><img loading=\"lazy\" decoding=\"async\" width=\"750\" height=\"1000\" src=\"https:\/\/alainepron-photographer.fr\/wp-content\/uploads\/2023\/06\/IMG_5025.jpg\" alt=\"CYNDIE\" class=\"wp-image-4382\" srcset=\"https:\/\/alainepron-photographer.fr\/wp-content\/uploads\/2023\/06\/IMG_5025.jpg 750w, https:\/\/alainepron-photographer.fr\/wp-content\/uploads\/2023\/06\/IMG_5025-225x300.jpg 225w, https:\/\/alainepron-photographer.fr\/wp-content\/uploads\/2023\/06\/IMG_5025-250x333.jpg 250w, https:\/\/alainepron-photographer.fr\/wp-content\/uploads\/2023\/06\/IMG_5025-550x733.jpg 550w, https:\/\/alainepron-photographer.fr\/wp-content\/uploads\/2023\/06\/IMG_5025-135x180.jpg 135w, https:\/\/alainepron-photographer.fr\/wp-content\/uploads\/2023\/06\/IMG_5025-375x500.jpg 375w\" sizes=\"auto, (max-width: 750px) 100vw, 750px\" \/><\/figure>\n\n\n\n<figure class=\"wp-block-image size-full\"><img loading=\"lazy\" decoding=\"async\" width=\"666\" height=\"1000\" src=\"https:\/\/alainepron-photographer.fr\/wp-content\/uploads\/2023\/06\/IMG_5037.jpg\" alt=\"CYNDIE &amp; ARYA\" class=\"wp-image-4384\" srcset=\"https:\/\/alainepron-photographer.fr\/wp-content\/uploads\/2023\/06\/IMG_5037.jpg 666w, https:\/\/alainepron-photographer.fr\/wp-content\/uploads\/2023\/06\/IMG_5037-200x300.jpg 200w, https:\/\/alainepron-photographer.fr\/wp-content\/uploads\/2023\/06\/IMG_5037-250x375.jpg 250w, https:\/\/alainepron-photographer.fr\/wp-content\/uploads\/2023\/06\/IMG_5037-550x826.jpg 550w, https:\/\/alainepron-photographer.fr\/wp-content\/uploads\/2023\/06\/IMG_5037-120x180.jpg 120w, https:\/\/alainepron-photographer.fr\/wp-content\/uploads\/2023\/06\/IMG_5037-333x500.jpg 333w\" sizes=\"auto, (max-width: 666px) 100vw, 666px\" \/><\/figure>\n\n\n\n<figure class=\"wp-block-image size-full\"><img loading=\"lazy\" decoding=\"async\" width=\"750\" height=\"1000\" src=\"https:\/\/alainepron-photographer.fr\/wp-content\/uploads\/2023\/06\/IMG_5045.jpg\" alt=\"CYNDIE &amp; ARYA\" class=\"wp-image-4387\" srcset=\"https:\/\/alainepron-photographer.fr\/wp-content\/uploads\/2023\/06\/IMG_5045.jpg 750w, https:\/\/alainepron-photographer.fr\/wp-content\/uploads\/2023\/06\/IMG_5045-225x300.jpg 225w, https:\/\/alainepron-photographer.fr\/wp-content\/uploads\/2023\/06\/IMG_5045-250x333.jpg 250w, https:\/\/alainepron-photographer.fr\/wp-content\/uploads\/2023\/06\/IMG_5045-550x733.jpg 550w, https:\/\/alainepron-photographer.fr\/wp-content\/uploads\/2023\/06\/IMG_5045-135x180.jpg 135w, https:\/\/alainepron-photographer.fr\/wp-content\/uploads\/2023\/06\/IMG_5045-375x500.jpg 375w\" sizes=\"auto, (max-width: 750px) 100vw, 750px\" \/><\/figure>\n\n\n\n<figure class=\"wp-block-image size-full\"><img loading=\"lazy\" decoding=\"async\" width=\"1000\" height=\"666\" src=\"https:\/\/alainepron-photographer.fr\/wp-content\/uploads\/2023\/06\/IMG_5163.jpg\" alt=\"CYNDIE &amp; ARYA\" class=\"wp-image-4424\" srcset=\"https:\/\/alainepron-photographer.fr\/wp-content\/uploads\/2023\/06\/IMG_5163.jpg 1000w, https:\/\/alainepron-photographer.fr\/wp-content\/uploads\/2023\/06\/IMG_5163-300x200.jpg 300w, https:\/\/alainepron-photographer.fr\/wp-content\/uploads\/2023\/06\/IMG_5163-768x511.jpg 768w, https:\/\/alainepron-photographer.fr\/wp-content\/uploads\/2023\/06\/IMG_5163-250x167.jpg 250w, https:\/\/alainepron-photographer.fr\/wp-content\/uploads\/2023\/06\/IMG_5163-550x366.jpg 550w, https:\/\/alainepron-photographer.fr\/wp-content\/uploads\/2023\/06\/IMG_5163-800x533.jpg 800w, https:\/\/alainepron-photographer.fr\/wp-content\/uploads\/2023\/06\/IMG_5163-270x180.jpg 270w, https:\/\/alainepron-photographer.fr\/wp-content\/uploads\/2023\/06\/IMG_5163-450x300.jpg 450w, https:\/\/alainepron-photographer.fr\/wp-content\/uploads\/2023\/06\/IMG_5163-751x500.jpg 751w\" sizes=\"auto, (max-width: 1000px) 100vw, 1000px\" \/><\/figure>\n\n\n\n<figure class=\"wp-block-image size-full\"><img loading=\"lazy\" decoding=\"async\" width=\"666\" height=\"1000\" src=\"https:\/\/alainepron-photographer.fr\/wp-content\/uploads\/2023\/06\/IMG_5139.jpg\" alt=\"ARYA\" class=\"wp-image-4428\" srcset=\"https:\/\/alainepron-photographer.fr\/wp-content\/uploads\/2023\/06\/IMG_5139.jpg 666w, https:\/\/alainepron-photographer.fr\/wp-content\/uploads\/2023\/06\/IMG_5139-200x300.jpg 200w, https:\/\/alainepron-photographer.fr\/wp-content\/uploads\/2023\/06\/IMG_5139-250x375.jpg 250w, https:\/\/alainepron-photographer.fr\/wp-content\/uploads\/2023\/06\/IMG_5139-550x826.jpg 550w, https:\/\/alainepron-photographer.fr\/wp-content\/uploads\/2023\/06\/IMG_5139-120x180.jpg 120w, https:\/\/alainepron-photographer.fr\/wp-content\/uploads\/2023\/06\/IMG_5139-333x500.jpg 333w\" sizes=\"auto, (max-width: 666px) 100vw, 666px\" \/><\/figure>\n\n\n\n<figure class=\"wp-block-image size-full\"><img loading=\"lazy\" decoding=\"async\" width=\"750\" height=\"1000\" src=\"https:\/\/alainepron-photographer.fr\/wp-content\/uploads\/2023\/06\/IMG_5166.jpg\" alt=\"CYNDIE &amp; ARYA\" class=\"wp-image-4430\" srcset=\"https:\/\/alainepron-photographer.fr\/wp-content\/uploads\/2023\/06\/IMG_5166.jpg 750w, https:\/\/alainepron-photographer.fr\/wp-content\/uploads\/2023\/06\/IMG_5166-225x300.jpg 225w, https:\/\/alainepron-photographer.fr\/wp-content\/uploads\/2023\/06\/IMG_5166-250x333.jpg 250w, https:\/\/alainepron-photographer.fr\/wp-content\/uploads\/2023\/06\/IMG_5166-550x733.jpg 550w, https:\/\/alainepron-photographer.fr\/wp-content\/uploads\/2023\/06\/IMG_5166-135x180.jpg 135w, https:\/\/alainepron-photographer.fr\/wp-content\/uploads\/2023\/06\/IMG_5166-375x500.jpg 375w\" sizes=\"auto, (max-width: 750px) 100vw, 750px\" \/><\/figure>\n<\/div>\n\n\n\n<div class=\"wp-block-column is-layout-flow wp-block-column-is-layout-flow\">\n<figure class=\"wp-block-image size-full\"><img loading=\"lazy\" decoding=\"async\" width=\"750\" height=\"1000\" src=\"https:\/\/alainepron-photographer.fr\/wp-content\/uploads\/2023\/06\/IMG_5015.jpg\" alt=\"CYNDIE &amp; ARYA\" class=\"wp-image-4379\" srcset=\"https:\/\/alainepron-photographer.fr\/wp-content\/uploads\/2023\/06\/IMG_5015.jpg 750w, https:\/\/alainepron-photographer.fr\/wp-content\/uploads\/2023\/06\/IMG_5015-225x300.jpg 225w, https:\/\/alainepron-photographer.fr\/wp-content\/uploads\/2023\/06\/IMG_5015-250x333.jpg 250w, https:\/\/alainepron-photographer.fr\/wp-content\/uploads\/2023\/06\/IMG_5015-550x733.jpg 550w, https:\/\/alainepron-photographer.fr\/wp-content\/uploads\/2023\/06\/IMG_5015-135x180.jpg 135w, https:\/\/alainepron-photographer.fr\/wp-content\/uploads\/2023\/06\/IMG_5015-375x500.jpg 375w\" sizes=\"auto, (max-width: 750px) 100vw, 750px\" \/><\/figure>\n\n\n\n<figure class=\"wp-block-image size-full\"><img loading=\"lazy\" decoding=\"async\" width=\"750\" height=\"1000\" src=\"https:\/\/alainepron-photographer.fr\/wp-content\/uploads\/2023\/06\/IMG_5024.jpg\" alt=\"ARYA\" class=\"wp-image-4380\" srcset=\"https:\/\/alainepron-photographer.fr\/wp-content\/uploads\/2023\/06\/IMG_5024.jpg 750w, https:\/\/alainepron-photographer.fr\/wp-content\/uploads\/2023\/06\/IMG_5024-225x300.jpg 225w, https:\/\/alainepron-photographer.fr\/wp-content\/uploads\/2023\/06\/IMG_5024-250x333.jpg 250w, https:\/\/alainepron-photographer.fr\/wp-content\/uploads\/2023\/06\/IMG_5024-550x733.jpg 550w, https:\/\/alainepron-photographer.fr\/wp-content\/uploads\/2023\/06\/IMG_5024-135x180.jpg 135w, https:\/\/alainepron-photographer.fr\/wp-content\/uploads\/2023\/06\/IMG_5024-375x500.jpg 375w\" sizes=\"auto, (max-width: 750px) 100vw, 750px\" \/><\/figure>\n\n\n\n<figure class=\"wp-block-image size-full\"><img loading=\"lazy\" decoding=\"async\" width=\"666\" height=\"1000\" src=\"https:\/\/alainepron-photographer.fr\/wp-content\/uploads\/2023\/06\/IMG_5038.jpg\" alt=\"CYNDIE &amp; ARYA\" class=\"wp-image-4385\" srcset=\"https:\/\/alainepron-photographer.fr\/wp-content\/uploads\/2023\/06\/IMG_5038.jpg 666w, https:\/\/alainepron-photographer.fr\/wp-content\/uploads\/2023\/06\/IMG_5038-200x300.jpg 200w, https:\/\/alainepron-photographer.fr\/wp-content\/uploads\/2023\/06\/IMG_5038-250x375.jpg 250w, https:\/\/alainepron-photographer.fr\/wp-content\/uploads\/2023\/06\/IMG_5038-550x826.jpg 550w, https:\/\/alainepron-photographer.fr\/wp-content\/uploads\/2023\/06\/IMG_5038-120x180.jpg 120w, https:\/\/alainepron-photographer.fr\/wp-content\/uploads\/2023\/06\/IMG_5038-333x500.jpg 333w\" sizes=\"auto, (max-width: 666px) 100vw, 666px\" \/><\/figure>\n\n\n\n<figure class=\"wp-block-image size-full\"><img loading=\"lazy\" decoding=\"async\" width=\"1000\" height=\"562\" src=\"https:\/\/alainepron-photographer.fr\/wp-content\/uploads\/2023\/06\/IMG_5057.jpg\" alt=\"CYNDIE &amp; ARYA\" class=\"wp-image-4388\" srcset=\"https:\/\/alainepron-photographer.fr\/wp-content\/uploads\/2023\/06\/IMG_5057.jpg 1000w, https:\/\/alainepron-photographer.fr\/wp-content\/uploads\/2023\/06\/IMG_5057-300x169.jpg 300w, https:\/\/alainepron-photographer.fr\/wp-content\/uploads\/2023\/06\/IMG_5057-768x432.jpg 768w, https:\/\/alainepron-photographer.fr\/wp-content\/uploads\/2023\/06\/IMG_5057-250x141.jpg 250w, https:\/\/alainepron-photographer.fr\/wp-content\/uploads\/2023\/06\/IMG_5057-550x309.jpg 550w, https:\/\/alainepron-photographer.fr\/wp-content\/uploads\/2023\/06\/IMG_5057-800x450.jpg 800w, https:\/\/alainepron-photographer.fr\/wp-content\/uploads\/2023\/06\/IMG_5057-320x180.jpg 320w, https:\/\/alainepron-photographer.fr\/wp-content\/uploads\/2023\/06\/IMG_5057-534x300.jpg 534w, https:\/\/alainepron-photographer.fr\/wp-content\/uploads\/2023\/06\/IMG_5057-890x500.jpg 890w\" sizes=\"auto, (max-width: 1000px) 100vw, 1000px\" \/><\/figure>\n\n\n\n<figure class=\"wp-block-image size-full\"><img loading=\"lazy\" decoding=\"async\" width=\"750\" height=\"1000\" src=\"https:\/\/alainepron-photographer.fr\/wp-content\/uploads\/2023\/06\/IMG_5133.jpg\" alt=\"ARYA\" class=\"wp-image-4423\" srcset=\"https:\/\/alainepron-photographer.fr\/wp-content\/uploads\/2023\/06\/IMG_5133.jpg 750w, https:\/\/alainepron-photographer.fr\/wp-content\/uploads\/2023\/06\/IMG_5133-225x300.jpg 225w, https:\/\/alainepron-photographer.fr\/wp-content\/uploads\/2023\/06\/IMG_5133-250x333.jpg 250w, https:\/\/alainepron-photographer.fr\/wp-content\/uploads\/2023\/06\/IMG_5133-550x733.jpg 550w, https:\/\/alainepron-photographer.fr\/wp-content\/uploads\/2023\/06\/IMG_5133-135x180.jpg 135w, https:\/\/alainepron-photographer.fr\/wp-content\/uploads\/2023\/06\/IMG_5133-375x500.jpg 375w\" sizes=\"auto, (max-width: 750px) 100vw, 750px\" \/><\/figure>\n\n\n\n<figure class=\"wp-block-image size-full\"><img loading=\"lazy\" decoding=\"async\" width=\"750\" height=\"1000\" src=\"https:\/\/alainepron-photographer.fr\/wp-content\/uploads\/2023\/06\/IMG_5165.jpg\" alt=\"CYNDIE &amp; ARYA\" class=\"wp-image-4427\" srcset=\"https:\/\/alainepron-photographer.fr\/wp-content\/uploads\/2023\/06\/IMG_5165.jpg 750w, https:\/\/alainepron-photographer.fr\/wp-content\/uploads\/2023\/06\/IMG_5165-225x300.jpg 225w, https:\/\/alainepron-photographer.fr\/wp-content\/uploads\/2023\/06\/IMG_5165-250x333.jpg 250w, https:\/\/alainepron-photographer.fr\/wp-content\/uploads\/2023\/06\/IMG_5165-550x733.jpg 550w, https:\/\/alainepron-photographer.fr\/wp-content\/uploads\/2023\/06\/IMG_5165-135x180.jpg 135w, https:\/\/alainepron-photographer.fr\/wp-content\/uploads\/2023\/06\/IMG_5165-375x500.jpg 375w\" sizes=\"auto, (max-width: 750px) 100vw, 750px\" \/><\/figure>\n\n\n\n<figure class=\"wp-block-image size-full\"><img loading=\"lazy\" decoding=\"async\" width=\"750\" height=\"1000\" src=\"https:\/\/alainepron-photographer.fr\/wp-content\/uploads\/2023\/06\/IMG_5140.jpg\" alt=\"ARYA\" class=\"wp-image-4429\" srcset=\"https:\/\/alainepron-photographer.fr\/wp-content\/uploads\/2023\/06\/IMG_5140.jpg 750w, https:\/\/alainepron-photographer.fr\/wp-content\/uploads\/2023\/06\/IMG_5140-225x300.jpg 225w, https:\/\/alainepron-photographer.fr\/wp-content\/uploads\/2023\/06\/IMG_5140-250x333.jpg 250w, https:\/\/alainepron-photographer.fr\/wp-content\/uploads\/2023\/06\/IMG_5140-550x733.jpg 550w, https:\/\/alainepron-photographer.fr\/wp-content\/uploads\/2023\/06\/IMG_5140-135x180.jpg 135w, https:\/\/alainepron-photographer.fr\/wp-content\/uploads\/2023\/06\/IMG_5140-375x500.jpg 375w\" sizes=\"auto, (max-width: 750px) 100vw, 750px\" \/><\/figure>\n<\/div>\n\n\n\n<div class=\"wp-block-column is-layout-flow wp-block-column-is-layout-flow\">\n<figure class=\"wp-block-image size-full\"><img loading=\"lazy\" decoding=\"async\" width=\"667\" height=\"1000\" src=\"https:\/\/alainepron-photographer.fr\/wp-content\/uploads\/2023\/06\/IMG_5019.jpg\" alt=\"CYNDIE &amp; ARYA\" class=\"wp-image-4381\" srcset=\"https:\/\/alainepron-photographer.fr\/wp-content\/uploads\/2023\/06\/IMG_5019.jpg 667w, https:\/\/alainepron-photographer.fr\/wp-content\/uploads\/2023\/06\/IMG_5019-200x300.jpg 200w, https:\/\/alainepron-photographer.fr\/wp-content\/uploads\/2023\/06\/IMG_5019-250x375.jpg 250w, https:\/\/alainepron-photographer.fr\/wp-content\/uploads\/2023\/06\/IMG_5019-550x825.jpg 550w, https:\/\/alainepron-photographer.fr\/wp-content\/uploads\/2023\/06\/IMG_5019-120x180.jpg 120w, https:\/\/alainepron-photographer.fr\/wp-content\/uploads\/2023\/06\/IMG_5019-334x500.jpg 334w\" sizes=\"auto, (max-width: 667px) 100vw, 667px\" \/><\/figure>\n\n\n\n<figure class=\"wp-block-image size-full\"><img loading=\"lazy\" decoding=\"async\" width=\"666\" height=\"1000\" src=\"https:\/\/alainepron-photographer.fr\/wp-content\/uploads\/2023\/06\/IMG_5029.jpg\" alt=\"CYNDIE &amp; ARYA\" class=\"wp-image-4383\" srcset=\"https:\/\/alainepron-photographer.fr\/wp-content\/uploads\/2023\/06\/IMG_5029.jpg 666w, https:\/\/alainepron-photographer.fr\/wp-content\/uploads\/2023\/06\/IMG_5029-200x300.jpg 200w, https:\/\/alainepron-photographer.fr\/wp-content\/uploads\/2023\/06\/IMG_5029-250x375.jpg 250w, https:\/\/alainepron-photographer.fr\/wp-content\/uploads\/2023\/06\/IMG_5029-550x826.jpg 550w, https:\/\/alainepron-photographer.fr\/wp-content\/uploads\/2023\/06\/IMG_5029-120x180.jpg 120w, https:\/\/alainepron-photographer.fr\/wp-content\/uploads\/2023\/06\/IMG_5029-333x500.jpg 333w\" sizes=\"auto, (max-width: 666px) 100vw, 666px\" \/><\/figure>\n\n\n\n<figure class=\"wp-block-image size-full\"><img loading=\"lazy\" decoding=\"async\" width=\"667\" height=\"1000\" src=\"https:\/\/alainepron-photographer.fr\/wp-content\/uploads\/2023\/06\/IMG_5043.jpg\" alt=\"CYNDIE &amp; ARYA\" class=\"wp-image-4386\" srcset=\"https:\/\/alainepron-photographer.fr\/wp-content\/uploads\/2023\/06\/IMG_5043.jpg 667w, https:\/\/alainepron-photographer.fr\/wp-content\/uploads\/2023\/06\/IMG_5043-200x300.jpg 200w, https:\/\/alainepron-photographer.fr\/wp-content\/uploads\/2023\/06\/IMG_5043-250x375.jpg 250w, https:\/\/alainepron-photographer.fr\/wp-content\/uploads\/2023\/06\/IMG_5043-550x825.jpg 550w, https:\/\/alainepron-photographer.fr\/wp-content\/uploads\/2023\/06\/IMG_5043-120x180.jpg 120w, https:\/\/alainepron-photographer.fr\/wp-content\/uploads\/2023\/06\/IMG_5043-334x500.jpg 334w\" sizes=\"auto, (max-width: 667px) 100vw, 667px\" \/><\/figure>\n\n\n\n<figure class=\"wp-block-image size-full\"><img loading=\"lazy\" decoding=\"async\" width=\"666\" height=\"1000\" src=\"https:\/\/alainepron-photographer.fr\/wp-content\/uploads\/2023\/06\/IMG_5062.jpg\" alt=\"ARYA\" class=\"wp-image-4389\" srcset=\"https:\/\/alainepron-photographer.fr\/wp-content\/uploads\/2023\/06\/IMG_5062.jpg 666w, https:\/\/alainepron-photographer.fr\/wp-content\/uploads\/2023\/06\/IMG_5062-200x300.jpg 200w, https:\/\/alainepron-photographer.fr\/wp-content\/uploads\/2023\/06\/IMG_5062-250x375.jpg 250w, https:\/\/alainepron-photographer.fr\/wp-content\/uploads\/2023\/06\/IMG_5062-550x826.jpg 550w, https:\/\/alainepron-photographer.fr\/wp-content\/uploads\/2023\/06\/IMG_5062-120x180.jpg 120w, https:\/\/alainepron-photographer.fr\/wp-content\/uploads\/2023\/06\/IMG_5062-333x500.jpg 333w\" sizes=\"auto, (max-width: 666px) 100vw, 666px\" \/><\/figure>\n\n\n\n<figure class=\"wp-block-image size-full\"><img loading=\"lazy\" decoding=\"async\" width=\"750\" height=\"1000\" src=\"https:\/\/alainepron-photographer.fr\/wp-content\/uploads\/2023\/06\/IMG_5136.jpg\" alt=\"ARYA\" class=\"wp-image-4426\" srcset=\"https:\/\/alainepron-photographer.fr\/wp-content\/uploads\/2023\/06\/IMG_5136.jpg 750w, https:\/\/alainepron-photographer.fr\/wp-content\/uploads\/2023\/06\/IMG_5136-225x300.jpg 225w, https:\/\/alainepron-photographer.fr\/wp-content\/uploads\/2023\/06\/IMG_5136-250x333.jpg 250w, https:\/\/alainepron-photographer.fr\/wp-content\/uploads\/2023\/06\/IMG_5136-550x733.jpg 550w, https:\/\/alainepron-photographer.fr\/wp-content\/uploads\/2023\/06\/IMG_5136-135x180.jpg 135w, https:\/\/alainepron-photographer.fr\/wp-content\/uploads\/2023\/06\/IMG_5136-375x500.jpg 375w\" sizes=\"auto, (max-width: 750px) 100vw, 750px\" \/><\/figure>\n\n\n\n<figure class=\"wp-block-image size-full\"><img loading=\"lazy\" decoding=\"async\" width=\"750\" height=\"1000\" src=\"https:\/\/alainepron-photographer.fr\/wp-content\/uploads\/2023\/06\/IMG_5167.jpg\" alt=\"CYNDIE &amp; ARYA\" class=\"wp-image-4431\" srcset=\"https:\/\/alainepron-photographer.fr\/wp-content\/uploads\/2023\/06\/IMG_5167.jpg 750w, https:\/\/alainepron-photographer.fr\/wp-content\/uploads\/2023\/06\/IMG_5167-225x300.jpg 225w, https:\/\/alainepron-photographer.fr\/wp-content\/uploads\/2023\/06\/IMG_5167-250x333.jpg 250w, https:\/\/alainepron-photographer.fr\/wp-content\/uploads\/2023\/06\/IMG_5167-550x733.jpg 550w, https:\/\/alainepron-photographer.fr\/wp-content\/uploads\/2023\/06\/IMG_5167-135x180.jpg 135w, https:\/\/alainepron-photographer.fr\/wp-content\/uploads\/2023\/06\/IMG_5167-375x500.jpg 375w\" sizes=\"auto, (max-width: 750px) 100vw, 750px\" \/><\/figure>\n<\/div>\n<\/div>\n\n\n\n<div style=\"height:100px\" aria-hidden=\"true\" class=\"wp-block-spacer\"><\/div>\n\n\n\n<p class=\"has-text-align-center\"><a href=\"https:\/\/alainepron-photographer.fr\/index.php\/books-photos-collaboration\/\" data-type=\"page\" data-id=\"2701\">Retour aux books<\/a> | <a href=\"#top\" data-type=\"internal\" data-id=\"#top\">up<\/a><\/p>\n","protected":false},"excerpt":{"rendered":"<p>Cyndie &amp; Arya, la marraine et la filleule&#8230; une tr\u00e8s grande complicit\u00e9. On avait d\u00e9j\u00e0 r\u00e9alis\u00e9 quelques shooting tous les trois quand Arya \u00e9tait plus petite. Plus grande, le travail devient plus int\u00e9ressant car elle commence \u00e0 poser, \u00e0 mettre des intentions et ne plus simplement \u00eatre l\u00e0&#8230;<\/p>\n","protected":false},"author":1,"featured_media":4377,"parent":2701,"menu_order":12,"comment_status":"closed","ping_status":"closed","template":"","meta":{"_seopress_robots_primary_cat":"","_seopress_titles_title":"CYNDIE &amp; ARYA - Book photo collaboration","_seopress_titles_desc":"Book photo de Cyndie et Arya deux mod\u00e8les amateurs.","_seopress_robots_index":"","footnotes":""},"class_list":["post-4374","page","type-page","status-publish","has-post-thumbnail","hentry"],"_links":{"self":[{"href":"https:\/\/alainepron-photographer.fr\/index.php\/wp-json\/wp\/v2\/pages\/4374","targetHints":{"allow":["GET"]}}],"collection":[{"href":"https:\/\/alainepron-photographer.fr\/index.php\/wp-json\/wp\/v2\/pages"}],"about":[{"href":"https:\/\/alainepron-photographer.fr\/index.php\/wp-json\/wp\/v2\/types\/page"}],"author":[{"embeddable":true,"href":"https:\/\/alainepron-photographer.fr\/index.php\/wp-json\/wp\/v2\/users\/1"}],"replies":[{"embeddable":true,"href":"https:\/\/alainepron-photographer.fr\/index.php\/wp-json\/wp\/v2\/comments?post=4374"}],"version-history":[{"count":3,"href":"https:\/\/alainepron-photographer.fr\/index.php\/wp-json\/wp\/v2\/pages\/4374\/revisions"}],"predecessor-version":[{"id":4582,"href":"https:\/\/alainepron-photographer.fr\/index.php\/wp-json\/wp\/v2\/pages\/4374\/revisions\/4582"}],"up":[{"embeddable":true,"href":"https:\/\/alainepron-photographer.fr\/index.php\/wp-json\/wp\/v2\/pages\/2701"}],"wp:featuredmedia":[{"embeddable":true,"href":"https:\/\/alainepron-photographer.fr\/index.php\/wp-json\/wp\/v2\/media\/4377"}],"wp:attachment":[{"href":"https:\/\/alainepron-photographer.fr\/index.php\/wp-json\/wp\/v2\/media?parent=4374"}],"curies":[{"name":"wp","href":"https:\/\/api.w.org\/{rel}","templated":true}]}}