{"id":456,"date":"2022-02-14T01:17:22","date_gmt":"2022-02-14T00:17:22","guid":{"rendered":"http:\/\/alainepron-photographer.fr\/?page_id=456"},"modified":"2024-03-26T07:29:00","modified_gmt":"2024-03-26T06:29:00","slug":"contact","status":"publish","type":"page","link":"https:\/\/alainepron-photographer.fr\/index.php\/contact\/","title":{"rendered":"CONTACT"},"content":{"rendered":"\n<figure class=\"wp-block-image alignfull size-large\"><img loading=\"lazy\" decoding=\"async\" width=\"1024\" height=\"384\" src=\"https:\/\/alainepron-photographer.fr\/wp-content\/uploads\/2022\/10\/CONTACT-1024x384.jpg\" alt=\"contact\" class=\"wp-image-3224\" srcset=\"https:\/\/alainepron-photographer.fr\/wp-content\/uploads\/2022\/10\/CONTACT-1024x384.jpg 1024w, https:\/\/alainepron-photographer.fr\/wp-content\/uploads\/2022\/10\/CONTACT-300x113.jpg 300w, https:\/\/alainepron-photographer.fr\/wp-content\/uploads\/2022\/10\/CONTACT-768x288.jpg 768w, https:\/\/alainepron-photographer.fr\/wp-content\/uploads\/2022\/10\/CONTACT-1536x576.jpg 1536w, https:\/\/alainepron-photographer.fr\/wp-content\/uploads\/2022\/10\/CONTACT-250x94.jpg 250w, https:\/\/alainepron-photographer.fr\/wp-content\/uploads\/2022\/10\/CONTACT-550x206.jpg 550w, https:\/\/alainepron-photographer.fr\/wp-content\/uploads\/2022\/10\/CONTACT-800x300.jpg 800w, https:\/\/alainepron-photographer.fr\/wp-content\/uploads\/2022\/10\/CONTACT-480x180.jpg 480w, https:\/\/alainepron-photographer.fr\/wp-content\/uploads\/2022\/10\/CONTACT-1333x500.jpg 1333w, https:\/\/alainepron-photographer.fr\/wp-content\/uploads\/2022\/10\/CONTACT.jpg 1600w\" sizes=\"auto, (max-width: 1024px) 100vw, 1024px\" \/><\/figure>\n\n\n\n<h2 class=\"wp-block-heading has-tertiary-color has-text-color has-medium-font-size\" id=\"le-bon-vieux-telephone\">[LE BON VIEUX T\u00c9L\u00c9PHONE]<\/h2>\n\n\n\n<p class=\"has-small-font-size\">Vous pouvez me joindre par t\u00e9l\u00e9phone 06 88 18 40 78. Si je ne vous r\u00e9ponds pas c&#8217;est en r\u00e8gle g\u00e9n\u00e9rale que je ne peux pas alors n&#8217;h\u00e9sitez pas \u00e0 me laisser un message sur mon r\u00e9pondeur avec votre nom et votre num\u00e9ro de t\u00e9l\u00e9phone et je ne manquerais pas de vous rappeler le plus vite possible&#8230;<\/p>\n\n\n\n<h2 class=\"wp-block-heading has-tertiary-color has-text-color has-medium-font-size\" id=\"une-facon-plus-moderne\">[LE BON VIEUX EMAIL]<\/h2>\n\n\n\n<p class=\"has-small-font-size\">Via ce formulaire en ligne. Plus vous me donnerez des d\u00e9tails sur ce que vous souhaitez, plus je serais \u00e0 m\u00eame de vous apporter une r\u00e9ponse \u00e0 votre demande. Alors soyez prolifique \ud83d\ude09<\/p>\n\n\n\n<figure class=\"wp-block-table\"><table><tbody><tr><td><div class=\"wpforms-container wpforms-container-full\" id=\"wpforms-593\"><form id=\"wpforms-form-593\" class=\"wpforms-validate wpforms-form wpforms-ajax-form\" data-formid=\"593\" method=\"post\" enctype=\"multipart\/form-data\" action=\"\/index.php\/wp-json\/wp\/v2\/pages\/456\" data-token=\"82e83568e3a9afe6505f70b875593891\" data-token-time=\"1777042459\"><noscript class=\"wpforms-error-noscript\">Please enable JavaScript in your browser to complete this form.<\/noscript><div class=\"wpforms-field-container\"><div id=\"wpforms-593-field_0-container\" class=\"wpforms-field wpforms-field-name\" data-field-id=\"0\"><label class=\"wpforms-field-label\">Vous \u00eates... <span class=\"wpforms-required-label\">*<\/span><\/label><div class=\"wpforms-field-row wpforms-field-large\"><div class=\"wpforms-field-row-block wpforms-first wpforms-one-half\"><input type=\"text\" id=\"wpforms-593-field_0\" class=\"wpforms-field-name-first wpforms-field-required\" name=\"wpforms[fields][0][first]\" required><label for=\"wpforms-593-field_0\" class=\"wpforms-field-sublabel after\">First<\/label><\/div><div class=\"wpforms-field-row-block wpforms-one-half\"><input type=\"text\" id=\"wpforms-593-field_0-last\" class=\"wpforms-field-name-last wpforms-field-required\" name=\"wpforms[fields][0][last]\" required><label for=\"wpforms-593-field_0-last\" class=\"wpforms-field-sublabel after\">Last<\/label><\/div><\/div><\/div><div id=\"wpforms-593-field_1-container\" class=\"wpforms-field wpforms-field-email\" data-field-id=\"1\"><label class=\"wpforms-field-label\" for=\"wpforms-593-field_1\">Votre Email... <span class=\"wpforms-required-label\">*<\/span><\/label><input type=\"email\" id=\"wpforms-593-field_1\" class=\"wpforms-field-large wpforms-field-required\" name=\"wpforms[fields][1]\" spellcheck=\"false\" required><\/div><div id=\"wpforms-593-field_3-container\" class=\"wpforms-field wpforms-field-number\" data-field-id=\"3\"><label class=\"wpforms-field-label\" for=\"wpforms-593-field_3\">Votre t\u00e9l\u00e9phone pour que je puisse vous appeler... <span class=\"wpforms-required-label\">*<\/span><\/label><input type=\"number\" id=\"wpforms-593-field_3\" class=\"wpforms-field-medium wpforms-field-required\" name=\"wpforms[fields][3]\" step=\"any\" required><\/div><div id=\"wpforms-593-field_2-container\" class=\"wpforms-field wpforms-field-textarea\" data-field-id=\"2\"><label class=\"wpforms-field-label\" for=\"wpforms-593-field_2\">laissez moi votre message... <span class=\"wpforms-required-label\">*<\/span><\/label><textarea id=\"wpforms-593-field_2\" class=\"wpforms-field-large wpforms-field-required\" name=\"wpforms[fields][2]\" required><\/textarea><\/div><\/div><!-- .wpforms-field-container --><div class=\"wpforms-submit-container\" ><input type=\"hidden\" name=\"wpforms[id]\" value=\"593\"><input type=\"hidden\" name=\"page_title\" value=\"\"><input type=\"hidden\" name=\"page_url\" value=\"https:\/\/alainepron-photographer.fr\/index.php\/wp-json\/wp\/v2\/pages\/456\"><input type=\"hidden\" name=\"url_referer\" value=\"\"><button type=\"submit\" name=\"wpforms[submit]\" id=\"wpforms-submit-593\" class=\"wpforms-submit\" data-alt-text=\"Envoi en cours...\" data-submit-text=\"Envoyer\" aria-live=\"assertive\" value=\"wpforms-submit\">Envoyer<\/button><img loading=\"lazy\" decoding=\"async\" src=\"https:\/\/alainepron-photographer.fr\/wp-content\/plugins\/wpforms-lite\/assets\/images\/submit-spin.svg\" class=\"wpforms-submit-spinner\" style=\"display: none;\" width=\"26\" height=\"26\" alt=\"Loading\"><\/div><\/form><\/div>  <!-- .wpforms-container --><\/td><\/tr><\/tbody><\/table><\/figure>\n\n\n\n<p><\/p>\n\n\n\n<h2 class=\"wp-block-heading has-tertiary-color has-text-color has-medium-font-size\" id=\"me-parler-en-direct\">[ME PARLER EN DIRECT]<\/h2>\n\n\n\n<p class=\"has-small-font-size\">Ce n&#8217;est pas que cela me d\u00e9range et je serais heureux de discuter le bout de gras au coin de la rue avec vous mais n&#8217;ayant pas de studio \u00e0 proprement parl\u00e9, ni de boutique, de magasin ou d&#8217;officine, cela n&#8217;aurait pas r\u00e9ellement d&#8217;int\u00e9r\u00eat que je vous laisse mon adresse personnelle sachant que je suis rarement chez moi, et quand j&#8217;y suis ce n&#8217;est pas forc\u00e9ment en tant que photographe. Je vous renvoie donc aux deux moyens ci-dessus qui sont, \u00e0 mon avis, beaucoup plus simple que de me chercher partout dans la ville \ud83d\ude09<\/p>\n","protected":false},"excerpt":{"rendered":"<p>[LE BON VIEUX T\u00c9L\u00c9PHONE] Vous pouvez me joindre par t\u00e9l\u00e9phone 06 88 18 40 78. Si je ne vous r\u00e9ponds pas c&#8217;est en r\u00e8gle g\u00e9n\u00e9rale que je ne peux pas alors n&#8217;h\u00e9sitez pas \u00e0 me laisser un message sur mon r\u00e9pondeur avec votre nom et votre num\u00e9ro de t\u00e9l\u00e9phone et je ne manquerais pas de [&hellip;]<\/p>\n","protected":false},"author":1,"featured_media":0,"parent":0,"menu_order":0,"comment_status":"closed","ping_status":"closed","template":"","meta":{"_seopress_robots_primary_cat":"","_seopress_titles_title":"","_seopress_titles_desc":"","_seopress_robots_index":"","footnotes":""},"class_list":["post-456","page","type-page","status-publish","hentry"],"_links":{"self":[{"href":"https:\/\/alainepron-photographer.fr\/index.php\/wp-json\/wp\/v2\/pages\/456","targetHints":{"allow":["GET"]}}],"collection":[{"href":"https:\/\/alainepron-photographer.fr\/index.php\/wp-json\/wp\/v2\/pages"}],"about":[{"href":"https:\/\/alainepron-photographer.fr\/index.php\/wp-json\/wp\/v2\/types\/page"}],"author":[{"embeddable":true,"href":"https:\/\/alainepron-photographer.fr\/index.php\/wp-json\/wp\/v2\/users\/1"}],"replies":[{"embeddable":true,"href":"https:\/\/alainepron-photographer.fr\/index.php\/wp-json\/wp\/v2\/comments?post=456"}],"version-history":[{"count":18,"href":"https:\/\/alainepron-photographer.fr\/index.php\/wp-json\/wp\/v2\/pages\/456\/revisions"}],"predecessor-version":[{"id":5149,"href":"https:\/\/alainepron-photographer.fr\/index.php\/wp-json\/wp\/v2\/pages\/456\/revisions\/5149"}],"wp:attachment":[{"href":"https:\/\/alainepron-photographer.fr\/index.php\/wp-json\/wp\/v2\/media?parent=456"}],"curies":[{"name":"wp","href":"https:\/\/api.w.org\/{rel}","templated":true}]}}